{"id":958,"date":"2025-01-15T21:12:29","date_gmt":"2025-01-15T20:12:29","guid":{"rendered":"https:\/\/inscripcion.amidasports.com\/?page_id=958"},"modified":"2025-09-16T07:28:07","modified_gmt":"2025-09-16T05:28:07","slug":"circuit-btt-la-ribera-2025-marcha-btt-alginet","status":"publish","type":"page","link":"https:\/\/inscripcion.amidasports.com\/index.php\/circuit-btt-la-ribera-2025-marcha-btt-alginet\/","title":{"rendered":"Circuit BTT La Ribera 2025- Marcha btt ALGINET"},"content":{"rendered":"\n<div class=\"wp-block-group is-content-justification-right is-nowrap is-layout-flex wp-container-core-group-is-layout-022e25ff wp-block-group-is-layout-flex\">\n<figure class=\"wp-block-image size-full is-resized\"><img fetchpriority=\"high\" decoding=\"async\" width=\"585\" height=\"620\" src=\"https:\/\/inscripcion.amidasports.com\/wp-content\/uploads\/2024\/10\/IMG-20241025-WA0003-1.jpg\" alt=\"\" class=\"wp-image-815\" style=\"width:226px;height:auto\" srcset=\"https:\/\/inscripcion.amidasports.com\/wp-content\/uploads\/2024\/10\/IMG-20241025-WA0003-1.jpg 585w, https:\/\/inscripcion.amidasports.com\/wp-content\/uploads\/2024\/10\/IMG-20241025-WA0003-1-283x300.jpg 283w\" sizes=\"(max-width: 585px) 100vw, 585px\" \/><\/figure>\n\n\n\n<div class=\"wp-block-cover alignfull is-light\" style=\"min-height:195px;aspect-ratio:unset;\"><span aria-hidden=\"true\" class=\"wp-block-cover__background has-background-dim\" style=\"background-color:#eaeaea\"><\/span><div class=\"wp-block-cover__inner-container is-layout-constrained wp-block-cover-is-layout-constrained\">\n<div class=\"wp-block-columns is-layout-flex wp-container-core-columns-is-layout-28f84493 wp-block-columns-is-layout-flex\">\n<div class=\"wp-block-column is-vertically-aligned-stretch is-layout-flow wp-block-column-is-layout-flow\" style=\"flex-basis:100%\">\n<div class=\"wp-block-group is-horizontal is-content-justification-center is-nowrap is-layout-flex wp-container-core-group-is-layout-2256e7f1 wp-block-group-is-layout-flex\">\n<details class=\"wp-block-details is-layout-flow wp-block-details-is-layout-flow\"><summary>16 de febrero de 2025<\/summary>\n<p><\/p>\n<\/details>\n<\/div>\n<\/div>\n<\/div>\n\n\n\n<p class=\"has-large-font-size\"><strong><em>Inscripci\u00f3n Circuit<\/em>o Alginet<\/strong><\/p>\n<\/div><\/div>\n\n\n\n<figure class=\"wp-block-image size-full is-resized\"><img decoding=\"async\" width=\"749\" height=\"749\" src=\"https:\/\/inscripcion.amidasports.com\/wp-content\/uploads\/2025\/01\/alginet.jpg\" alt=\"\" class=\"wp-image-960\" style=\"width:226px;height:auto\" srcset=\"https:\/\/inscripcion.amidasports.com\/wp-content\/uploads\/2025\/01\/alginet.jpg 749w, https:\/\/inscripcion.amidasports.com\/wp-content\/uploads\/2025\/01\/alginet-300x300.jpg 300w, https:\/\/inscripcion.amidasports.com\/wp-content\/uploads\/2025\/01\/alginet-150x150.jpg 150w\" sizes=\"(max-width: 749px) 100vw, 749px\" \/><\/figure>\n<\/div>\n\n\n\n<div class=\"wp-block-media-text is-stacked-on-mobile has-background\" style=\"background-color:#88a5c1\"><figure class=\"wp-block-media-text__media\"><img decoding=\"async\" width=\"724\" height=\"1024\" src=\"https:\/\/inscripcion.amidasports.com\/wp-content\/uploads\/2024\/10\/IMG-20241026-WA0009-724x1024.jpg\" alt=\"\" class=\"wp-image-828 size-large\" srcset=\"https:\/\/inscripcion.amidasports.com\/wp-content\/uploads\/2024\/10\/IMG-20241026-WA0009-724x1024.jpg 724w, https:\/\/inscripcion.amidasports.com\/wp-content\/uploads\/2024\/10\/IMG-20241026-WA0009-212x300.jpg 212w, https:\/\/inscripcion.amidasports.com\/wp-content\/uploads\/2024\/10\/IMG-20241026-WA0009-768x1086.jpg 768w, https:\/\/inscripcion.amidasports.com\/wp-content\/uploads\/2024\/10\/IMG-20241026-WA0009-1087x1536.jpg 1087w, https:\/\/inscripcion.amidasports.com\/wp-content\/uploads\/2024\/10\/IMG-20241026-WA0009.jpg 1132w\" sizes=\"(max-width: 724px) 100vw, 724px\" \/><\/figure><div class=\"wp-block-media-text__content\">\n<div class=\"wpcf7 no-js\" id=\"wpcf7-f1454-o1\" lang=\"es-ES\" dir=\"ltr\" data-wpcf7-id=\"1454\">\n<div class=\"screen-reader-response\"><p role=\"status\" aria-live=\"polite\" aria-atomic=\"true\"><\/p> <ul><\/ul><\/div>\n<form action=\"\/index.php\/wp-json\/wp\/v2\/pages\/958#wpcf7-f1454-o1\" method=\"post\" class=\"wpcf7-form init\" aria-label=\"Formulario de contacto\" novalidate=\"novalidate\" data-status=\"init\">\n<fieldset class=\"hidden-fields-container\"><input type=\"hidden\" name=\"_wpcf7\" value=\"1454\" \/><input type=\"hidden\" name=\"_wpcf7_version\" value=\"6.1.3\" \/><input type=\"hidden\" name=\"_wpcf7_locale\" value=\"es_ES\" \/><input type=\"hidden\" name=\"_wpcf7_unit_tag\" value=\"wpcf7-f1454-o1\" \/><input type=\"hidden\" name=\"_wpcf7_container_post\" value=\"0\" \/><input type=\"hidden\" name=\"_wpcf7_posted_data_hash\" value=\"\" \/><input type=\"hidden\" name=\"_wpcf7cf_hidden_group_fields\" value=\"[]\" \/><input type=\"hidden\" name=\"_wpcf7cf_hidden_groups\" value=\"[]\" \/><input type=\"hidden\" name=\"_wpcf7cf_visible_groups\" value=\"[]\" \/><input type=\"hidden\" name=\"_wpcf7cf_repeaters\" value=\"[]\" \/><input type=\"hidden\" name=\"_wpcf7cf_steps\" value=\"{}\" \/><input type=\"hidden\" name=\"_wpcf7cf_options\" value=\"{&quot;form_id&quot;:1454,&quot;conditions&quot;:[{&quot;then_field&quot;:&quot;-1&quot;,&quot;and_rules&quot;:[{&quot;if_field&quot;:&quot;-1&quot;,&quot;operator&quot;:&quot;equals&quot;,&quot;if_value&quot;:&quot;0|No&quot;}]},{&quot;then_field&quot;:&quot;-1&quot;,&quot;and_rules&quot;:[{&quot;if_field&quot;:&quot;-1&quot;,&quot;operator&quot;:&quot;equals&quot;,&quot;if_value&quot;:&quot;0|No&quot;}]},{&quot;then_field&quot;:&quot;-1&quot;,&quot;and_rules&quot;:[{&quot;if_field&quot;:&quot;-1&quot;,&quot;operator&quot;:&quot;equals&quot;,&quot;if_value&quot;:&quot;0|No&quot;}]}],&quot;settings&quot;:{&quot;animation&quot;:&quot;yes&quot;,&quot;animation_intime&quot;:&quot;200&quot;,&quot;animation_outtime&quot;:&quot;200&quot;,&quot;conditions_ui&quot;:&quot;normal&quot;,&quot;notice_dismissed&quot;:&quot;&quot;}}\" \/>\n<\/fieldset>\n<p><!DOCTYPE html>\n<\/p>\n<html lang=\"es\">\n\t<head>\n <meta charset=\"UTF-8\" \/>\n <meta name=\"viewport\" content=\"width=device-width, initial-scale=1.0\" \/>\n\t\t<title>Formulario de Inscripci\u00f3n\n\t\t<\/title>\n\t\t<style>\n form {\n max-width: 600px;\n margin: 0 auto;\n }\n\n label {\n display: block;\n margin-bottom: 8px;\n }\n\n input, select {\n width: 100%;\n padding: 8px;\n margin-bottom: 16px;\n box-sizing: border-box;\n }\n\n input[type=\"submit\"] {\n background-color: #4CAF50;\n color: white;\n padding: 10px 15px;\n font-size: 16px;\n border: none;\n cursor: pointer;\n }\n\n input[type=\"submit\"]:hover {\n background-color: #45a049;\n }\n\t\t<\/style>\n\t<\/head>\n\t<body>\n\t\t<p><label> INSCRIPCION CIRCUITO BTT LA RIBERA MARCHA BTT ALGINET<br \/>\n<\/label><label> Selecciona tu Modalidad E-BIKE O MTB?<br \/>\n<span class=\"wpcf7-form-control-wrap\" data-name=\"menu-167\"><select class=\"wpcf7-form-control wpcf7-select wpcf7-validates-as-required\" aria-required=\"true\" aria-invalid=\"false\" name=\"menu-167\"><option value=\"\">&#8212;Por favor, elige una opci\u00f3n&#8212;<\/option><option value=\"MTB\">MTB<\/option><option value=\"E-BIKE\">E-BIKE<\/option><\/select><\/span><br \/>\n<\/label><label> Tu DNI<br \/>\n<span class=\"wpcf7-form-control-wrap\" data-name=\"DNI\"><input size=\"40\" maxlength=\"400\" class=\"wpcf7-form-control wpcf7-text wpcf7-validates-as-required\" aria-required=\"true\" aria-invalid=\"false\" value=\"\" type=\"text\" name=\"DNI\" \/><\/span><br \/>\n<\/label><label> Tu nombre<br \/>\n<span class=\"wpcf7-form-control-wrap\" data-name=\"Nombre\"><input size=\"40\" maxlength=\"400\" class=\"wpcf7-form-control wpcf7-text wpcf7-validates-as-required\" aria-required=\"true\" aria-invalid=\"false\" value=\"\" type=\"text\" name=\"Nombre\" \/><\/span><br \/>\n<\/label><label> Apellidos<br \/>\n<span class=\"wpcf7-form-control-wrap\" data-name=\"Apellidos\"><input size=\"40\" maxlength=\"400\" class=\"wpcf7-form-control wpcf7-text wpcf7-validates-as-required\" aria-required=\"true\" aria-invalid=\"false\" value=\"\" type=\"text\" name=\"Apellidos\" \/><\/span><br \/>\n<\/label><label> Email<br \/>\n<span class=\"wpcf7-form-control-wrap\" data-name=\"Email\"><input size=\"40\" maxlength=\"400\" class=\"wpcf7-form-control wpcf7-email wpcf7-validates-as-required wpcf7-text wpcf7-validates-as-email\" aria-required=\"true\" aria-invalid=\"false\" value=\"\" type=\"email\" name=\"Email\" \/><\/span><br \/>\n<\/label><label> Tel\u00e9fono<br \/>\n<span class=\"wpcf7-form-control-wrap\" data-name=\"Telfono\"><input size=\"40\" maxlength=\"400\" class=\"wpcf7-form-control wpcf7-tel wpcf7-validates-as-required wpcf7-text wpcf7-validates-as-tel\" aria-required=\"true\" aria-invalid=\"false\" value=\"\" type=\"tel\" name=\"Telfono\" \/><\/span><br \/>\n<\/label><label> Fecha de nacimiento<br \/>\n<span class=\"wpcf7-form-control-wrap\" data-name=\"Fechadenacimiento\"><input class=\"wpcf7-form-control wpcf7-date wpcf7-validates-as-required wpcf7-validates-as-date\" aria-required=\"true\" aria-invalid=\"false\" value=\"\" type=\"date\" name=\"Fechadenacimiento\" \/><\/span><br \/>\n<\/label><label> Sexo<br \/>\n<span class=\"wpcf7-form-control-wrap\" data-name=\"Sexo\"><select class=\"wpcf7-form-control wpcf7-select wpcf7-validates-as-required\" aria-required=\"true\" aria-invalid=\"false\" name=\"Sexo\"><option value=\"\">&#8212;Por favor, elige una opci\u00f3n&#8212;<\/option><option value=\"Femenino\">Femenino<\/option><option value=\"Masculino\">Masculino<\/option><\/select><\/span><br \/>\n<\/label><label> Direcci\u00f3n<br \/>\n<span class=\"wpcf7-form-control-wrap\" data-name=\"Direccin\"><input size=\"40\" maxlength=\"400\" class=\"wpcf7-form-control wpcf7-text\" aria-invalid=\"false\" value=\"\" type=\"text\" name=\"Direccin\" \/><\/span><br \/>\n<\/label><label> Poblaci\u00f3n<br \/>\n<span class=\"wpcf7-form-control-wrap\" data-name=\"Poblacin\"><input size=\"40\" maxlength=\"400\" class=\"wpcf7-form-control wpcf7-text\" aria-invalid=\"false\" value=\"\" type=\"text\" name=\"Poblacin\" \/><\/span><br \/>\n<\/label><label> C\u00f3digo postal<br \/>\n<span class=\"wpcf7-form-control-wrap\" data-name=\"Cdigopostal\"><input class=\"wpcf7-form-control wpcf7-number wpcf7-validates-as-number\" aria-invalid=\"false\" value=\"\" type=\"number\" name=\"Cdigopostal\" \/><\/span><br \/>\n<\/label><label> Provincia<br \/>\n<span class=\"wpcf7-form-control-wrap\" data-name=\"Provincia\"><input size=\"40\" maxlength=\"400\" class=\"wpcf7-form-control wpcf7-text\" aria-invalid=\"false\" value=\"\" type=\"text\" name=\"Provincia\" \/><\/span><br \/>\n<\/label><label> Nombre contacto emergencia<br \/>\n<span class=\"wpcf7-form-control-wrap\" data-name=\"nombrecontactoemergencia\"><input size=\"40\" maxlength=\"400\" class=\"wpcf7-form-control wpcf7-text\" aria-invalid=\"false\" value=\"\" type=\"text\" name=\"nombrecontactoemergencia\" \/><\/span><br \/>\n<\/label><label> Tel\u00e9fono contacto emergencia<br \/>\n<span class=\"wpcf7-form-control-wrap\" data-name=\"Telfonocontactoemergencias\"><input size=\"40\" maxlength=\"400\" class=\"wpcf7-form-control wpcf7-tel wpcf7-validates-as-required wpcf7-text wpcf7-validates-as-tel\" aria-required=\"true\" aria-invalid=\"false\" value=\"\" type=\"tel\" name=\"Telfonocontactoemergencias\" \/><\/span><br \/>\n<\/label><label> Club<br \/>\n<span class=\"wpcf7-form-control-wrap\" data-name=\"Club\"><input size=\"40\" maxlength=\"400\" class=\"wpcf7-form-control wpcf7-text wpcf7-validates-as-required\" aria-required=\"true\" aria-invalid=\"false\" value=\"Si no perteneces a ning\u00fan club, indica INDEPENDIENTE\" type=\"text\" name=\"Club\" \/><\/span><br \/>\n<\/label><label> \u00bfEres federado?<br \/>\n<span class=\"wpcf7-form-control-wrap\" data-name=\"select_custom-624\"><select class=\"wpcf7-form-control wpcf7-select_custom wpcf7-validates-as-required\" aria-required=\"true\" aria-invalid=\"false\" name=\"select_custom-624\"><option value=\"\">&#8212;Por favor, elige una opci\u00f3n&#8212;<\/option><option value=\"0\">Si  \u20ac0<\/option><option value=\"3\">No  +\u20ac3<\/option><\/select><\/span><br \/>\n<\/label><label> Selecciona TU CATEGORIA<br \/>\n<span class=\"wpcf7-form-control-wrap\" data-name=\"menu-82\"><select class=\"wpcf7-form-control wpcf7-select\" aria-invalid=\"false\" name=\"menu-82\"><option value=\"\">&#8212;Por favor, elige una opci\u00f3n&#8212;<\/option><option value=\"CADETE de 15 a 16 a\u00f1os\">CADETE de 15 a 16 a\u00f1os<\/option><option value=\"JUNIOR de 17 a 18 a\u00f1os\">JUNIOR de 17 a 18 a\u00f1os<\/option><option value=\"SUB23 de 19 a 22 a\u00f1os\">SUB23 de 19 a 22 a\u00f1os<\/option><option value=\"ELITE de 23 a 29 a\u00f1os\">ELITE de 23 a 29 a\u00f1os<\/option><option value=\"MASTER 30 de 30 a 39 a\u00f1os\">MASTER 30 de 30 a 39 a\u00f1os<\/option><option value=\"MASTER 40 de 40 a 49 a\u00f1os\">MASTER 40 de 40 a 49 a\u00f1os<\/option><option value=\"MASTER 50 de 50 a 59 a\u00f1os\">MASTER 50 de 50 a 59 a\u00f1os<\/option><option value=\"VETERANO de 60 a 90 a\u00f1os\">VETERANO de 60 a 90 a\u00f1os<\/option><\/select><\/span><br \/>\n<\/label><label> Talla camiseta<br \/>\n<span class=\"wpcf7-form-control-wrap\" data-name=\"Talla\"><select class=\"wpcf7-form-control wpcf7-select wpcf7-validates-as-required\" aria-required=\"true\" aria-invalid=\"false\" name=\"Talla\"><option value=\"\">&#8212;Por favor, elige una opci\u00f3n&#8212;<\/option><option value=\"S\">S<\/option><option value=\"M\">M<\/option><option value=\"L\">L<\/option><option value=\"XL\">XL<\/option><option value=\"XXL\">XXL<\/option><\/select><\/span><br \/>\n<\/label><label> Total<br \/>\n<span class=\"wpcf7-form-control-wrap calculated-499 \"><strong class=\"cf7-calculated-name \" size=\"40\" class=\"wpcf7-form-control wpcf7-calculated wpcf7-total ctf7-total\" readonly=\"readonly\" aria-invalid=\"false\" value=\"0\" type=\"text\" name=\"calculated-499\">0<\/strong> <input data-number=\"0\" style=\"display:none;\" size=\"40\" class=\"wpcf7-form-control wpcf7-calculated wpcf7-total ctf7-total\" readonly=\"readonly\" aria-invalid=\"false\" value=\"0\" type=\"text\" name=\"calculated-499\" data-formulas=\"18 + select_custom-624\" \/><\/span><br \/>\n<\/label>\n\t\t<\/p>\n\t\t<p><u>Informaci\u00f3n sobre Protecci\u00f3n de Datos:<\/u> ANTES DE ACEPTAR esta solicitud, debe leer la informaci\u00f3n b\u00e1sica sobre protecci\u00f3n de datos: el participante autoriza a la AMIDA SPORTS SL a recopilar, procesar y almacenar sus datos personales con el \u00fanico prop\u00f3sito de gestionar su participaci\u00f3n en el evento. Asimismo, bajo su consentimiento acepto el env\u00edo de comunicaciones comerciales que puedan ser de mi inter\u00e9s, a trav\u00e9s de los datos de contacto proporcionados. Los datos ser\u00e1n tratados con confidencialidad y no se compartir\u00e1n con terceros sin consentimiento. Como participante tienes derecho a acceder, rectificar y suprimir los datos, as\u00ed como otros derechos, en nuestra informaci\u00f3n adicional. Puede consultar la informaci\u00f3n adicional y detallada sobre Protecci\u00f3n de Datos en nuestra <a href=\"https:\/\/www.amidasports.com\/politica-privacidad\"\">pol\u00edtica de privacidad<\/a>.\n\t\t<\/p>\n\t\t<p><span class=\"wpcf7-form-control-wrap\" data-name=\"acceptance-395\"><span class=\"wpcf7-form-control wpcf7-acceptance\"><span class=\"wpcf7-list-item\"><input type=\"checkbox\" name=\"acceptance-395\" value=\"1\" aria-invalid=\"false\" \/><\/span><\/span><\/span> Acepto <a href=\"https:\/\/www.amidasports.com\/terminos-y-condiciones\">t\u00e9rminos y condiciones <\/a><br \/>\n<span class=\"wpcf7-form-control-wrap\" data-name=\"acceptance-396\"><span class=\"wpcf7-form-control wpcf7-acceptance\"><span class=\"wpcf7-list-item\"><input type=\"checkbox\" name=\"acceptance-396\" value=\"1\" aria-invalid=\"false\" \/><\/span><\/span><\/span> Acepto <a href=\"https:\/\/www.amidasports.com\/politica-privacidad\">Pol\u00edtica de Privacidad<\/a><br \/>\n<label> \u00bfDeseas recibir comunicaciones comerciales?<br \/>\n<span class=\"wpcf7-form-control-wrap\" data-name=\"menu-669\"><select class=\"wpcf7-form-control wpcf7-select wpcf7-validates-as-required\" aria-required=\"true\" aria-invalid=\"false\" name=\"menu-669\"><option value=\"\">&#8212;Por favor, elige una opci\u00f3n&#8212;<\/option><option value=\"Si\">Si<\/option><option value=\"No\">No<\/option><\/select><\/span><br \/>\n<input class=\"wpcf7-form-control wpcf7-submit has-spinner\" type=\"submit\" value=\"Pagar\" \/><\/label>\n\t\t<\/p>\n\t<\/body>\n<\/html><div class=\"wpcf7-response-output\" aria-hidden=\"true\"><\/div>\n<\/form>\n<\/div>\n\n<\/div><\/div>\n\n\n\n<p><\/p>\n","protected":false},"excerpt":{"rendered":"","protected":false},"author":1,"featured_media":0,"parent":0,"menu_order":0,"comment_status":"closed","ping_status":"closed","template":"","meta":{"footnotes":""},"class_list":["post-958","page","type-page","status-publish","hentry"],"_links":{"self":[{"href":"https:\/\/inscripcion.amidasports.com\/index.php\/wp-json\/wp\/v2\/pages\/958","targetHints":{"allow":["GET"]}}],"collection":[{"href":"https:\/\/inscripcion.amidasports.com\/index.php\/wp-json\/wp\/v2\/pages"}],"about":[{"href":"https:\/\/inscripcion.amidasports.com\/index.php\/wp-json\/wp\/v2\/types\/page"}],"author":[{"embeddable":true,"href":"https:\/\/inscripcion.amidasports.com\/index.php\/wp-json\/wp\/v2\/users\/1"}],"replies":[{"embeddable":true,"href":"https:\/\/inscripcion.amidasports.com\/index.php\/wp-json\/wp\/v2\/comments?post=958"}],"version-history":[{"count":3,"href":"https:\/\/inscripcion.amidasports.com\/index.php\/wp-json\/wp\/v2\/pages\/958\/revisions"}],"predecessor-version":[{"id":1459,"href":"https:\/\/inscripcion.amidasports.com\/index.php\/wp-json\/wp\/v2\/pages\/958\/revisions\/1459"}],"wp:attachment":[{"href":"https:\/\/inscripcion.amidasports.com\/index.php\/wp-json\/wp\/v2\/media?parent=958"}],"curies":[{"name":"wp","href":"https:\/\/api.w.org\/{rel}","templated":true}]}}